{"id":5394,"date":"2016-07-14T21:25:36","date_gmt":"2016-07-14T21:25:36","guid":{"rendered":"http:\/\/gusztav.janvari.name\/impresszum-szerzoi-jogok-es-hasznalati-feltetelek\/?lang=hu"},"modified":"2021-04-10T13:08:58","modified_gmt":"2021-04-10T13:08:58","slug":"impresszum-szerzoi-jogok-es-hasznalati-feltetelek","status":"publish","type":"page","link":"https:\/\/gusztav.janvari.name\/hu\/impresszum-szerzoi-jogok-es-hasznalati-feltetelek\/","title":{"rendered":"Impresszum, szerz\u0151i jogok \u00e9s haszn\u00e1lati felt\u00e9telek"},"content":{"rendered":"<div class=\"wpb-content-wrapper\"><p>[vc_row][vc_column width=&#8221;1\/4&#8243;][\/vc_column][vc_column width=&#8221;1\/2&#8243;][vc_column_text css=&#8221;.vc_custom_1618060134681{border-top-width: 1px !important;border-right-width: 1px !important;border-bottom-width: 1px !important;border-left-width: 1px !important;padding-top: 10px !important;padding-right: 10px !important;padding-bottom: 10px !important;padding-left: 10px !important;border-left-color: #c6c6c6 !important;border-left-style: solid !important;border-right-color: #c6c6c6 !important;border-right-style: solid !important;border-top-color: #c6c6c6 !important;border-top-style: solid !important;border-bottom-color: #c6c6c6 !important;border-bottom-style: solid !important;}&#8221;]<\/p>\n<p style=\"text-align: center;\">Imprestige Kft. \u00e9s J\u00e1nv\u00e1ri Guszt\u00e1v<\/p>\n<p style=\"text-align: center;\">\u2014\u00a0gusztav.janvari.name \u2014<\/p>\n<h3 style=\"text-align: center;\">Impresszum, szerz\u0151i jogok \u00e9s haszn\u00e1lati felt\u00e9telek<\/h3>\n<h3>1.\u00a0 Impresszum<\/h3>\n<p>A gusztav.janvari.name domainn\u00e9v \u00e9s a gusztav.janvari.name c\u00edmen \u00fczemel\u0151 weboldal (egy\u00fcttesen: Weblap vagy Weboldal) J\u00e1nv\u00e1ri Guszt\u00e1v \u00e9s az Imprestige Kft. (egy\u00fcttesen: Imprestige) k\u00f6z\u00f6s tulajdon\u00e1t k\u00e9pezi.<\/p>\n<h3>2.\u00a0 Szerz\u0151i jog<\/h3>\n<p>A Weblapon megjelent inform\u00e1ci\u00f3k \u00e9s grafikai megold\u00e1sok \u2013 amennyiben erre k\u00fcl\u00f6n jelz\u00e9s nem utal \u2013 az Imprestige tulajdon\u00e1t k\u00e9pezik, vagy az Imprestige rendelkezik az azok haszn\u00e1lat\u00e1ra jogos\u00edt\u00f3 licenccel, illetve m\u00e1s enged\u00e9llyel. Az Imprestige tulajdon\u00e1t k\u00e9pez\u0151 inform\u00e1ci\u00f3k \u00e9s grafikai megold\u00e1sok k\u00f6zz\u00e9t\u00e9tele, reproduk\u00e1l\u00e1sa \u00e9s t\u00e1rol\u00e1sa harmadik felek fel\u00e9 b\u00e1rmilyen elektronikus vagy hagyom\u00e1nyos k\u00f6zvet\u00edt\u0151csatorn\u00e1n \u00e9s t\u00e1rol\u00f3rendszerben \u2013 a webb\u00f6ng\u00e9sz\u00e9shez sz\u00fcks\u00e9ges tev\u00e9kenys\u00e9gek kiv\u00e9tel\u00e9vel \u2013 kiz\u00e1r\u00f3lag az Imprestige el\u0151zetes \u00edr\u00e1sbeli enged\u00e9ly\u00e9vel lehets\u00e9ges. Az ett\u0151l elt\u00e9r\u0151, enged\u00e9ly n\u00e9lk\u00fcli felhaszn\u00e1l\u00e1si m\u00f3dok a szerz\u0151i jogokr\u00f3l sz\u00f3l\u00f3 t\u00f6rv\u00e9ny rendelkez\u00e9seibe \u00fctk\u00f6znek.<\/p>\n<p>Copyright (C) 2009\u20132021 Guszt\u00e1v J\u00e1nv\u00e1ri and Imprestige Ltd.<\/p>\n<p>A Weboldalon <a href=\"http:\/\/www.freeimages.com\/profile\/ilco\" target=\"_blank\" rel=\"noopener noreferrer\">Ilco<\/a> \u00e9s <a href=\"https:\/\/www.flazingo.com\/\" target=\"_blank\" rel=\"noopener noreferrer\">Flazingo<\/a> eredeti vagy m\u00f3dos\u00edtott fot\u00f3i \u00e9s m\u00e1s alkot\u00e1sai is megjelennek.<\/p>\n<h3>3.\u00a0 V\u00e9djegyek<\/h3>\n<p>A weblapon megjelen\u0151 nevek \u00e9s embl\u00e9m\u00e1k tulajdonosaik v\u00e9djegyei vagy bejegyzett v\u00e9djegyei.<\/p>\n<h3>4. Haszn\u00e1lati felt\u00e9telek<\/h3>\n<p>A Weblap megtekint\u00e9s\u00e9vel a l\u00e1togat\u00f3 elfogadja az al\u00e1bbi haszn\u00e1lati felt\u00e9teleket.<\/p>\n<h4>Elv\u00e1rt magatart\u00e1s<\/h4>\n<p>A weblap haszn\u00e1lat\u00e1nak felt\u00e9tele, hogy a l\u00e1togat\u00f3 azt semmif\u00e9le t\u00f6rv\u00e9nyellenes, vagy a jelen felt\u00e9telek \u00e9s figyelmeztet\u00e9sek \u00e1ltal tiltott c\u00e9lra ne haszn\u00e1lja. A L\u00e1togat\u00f3 nem haszn\u00e1lhatja oly m\u00f3don a Weblapot \u00e9s a rajta el\u00e9rhet\u0151 szolg\u00e1ltat\u00e1sokat, amivel s\u00e9r\u00fcl\u00e9st, \u00fczemzavart, t\u00falterhel\u00e9st vagy k\u00e1rosod\u00e1st okozhat az Imprestige, annak weblapja vagy a weblapot \u00fczemeltet\u0151 szolg\u00e1ltat\u00f3 m\u0171k\u00f6d\u00e9s\u00e9ben \u00e9s eszk\u00f6zparkj\u00e1ban, illetve amivel m\u00e1sokat akad\u00e1lyoz a weblap haszn\u00e1lat\u00e1ban. A l\u00e1togat\u00f3 sem felt\u00f6r\u00e9ssel, sem jelsz\u00f3b\u00e1ny\u00e1sz\u00e1ssal, sem egy\u00e9b m\u00f3dszerrel nem tehet k\u00eds\u00e9rletet a weblap nem nyilv\u00e1nos r\u00e9szeinek, illetve az Imprestige tulajdon\u00e1t k\u00e9pez\u0151 vagy a weblaphoz kapcsol\u00f3d\u00f3 b\u00e1rmely sz\u00e1m\u00edt\u00f3g\u00e9prendszer vagy h\u00e1l\u00f3zat jogosulatlan el\u00e9r\u00e9s\u00e9re.<\/p>\n<p>Tilos a weblapon megjelent email-c\u00edmeket k\u00e9retlen levelez\u00e9sre haszn\u00e1lni, vagy b\u00e1rmilyen olyan t\u00f6meges \u00e9s ism\u00e9telt kommunik\u00e1ci\u00f3t kezdem\u00e9nyezni, melyhez a c\u00edmzettek kifejezetten nem j\u00e1rultak hozz\u00e1, \u00e9s hallgat\u00f3lagos hozz\u00e1j\u00e1rul\u00e1suk sem v\u00e9lelmezhet\u0151 (p\u00e9ld\u00e1ul rekl\u00e1mlevelek), illetve amelyek fennakad\u00e1st okozhatnak a c\u00edmzettek munk\u00e1j\u00e1ban, vagy a postal\u00e1d\u00e1jukat \u00fczemeltet\u0151 szervezet, annak sz\u00e1m\u00edt\u00f3g\u00e9prendszerei \u00e9s h\u00e1l\u00f3zata m\u0171k\u00f6d\u00e9s\u00e9ben.<\/p>\n<h4>M\u00e1s weblapokra mutat\u00f3 hivatkoz\u00e1sok<\/h4>\n<p>A m\u00e1s (nem a gusztav.janvari.name tartom\u00e1nyba tartoz\u00f3) hivatkoz\u00e1sok a weblapon k\u00edv\u00fcli k\u00fcls\u0151 weboldalakra vezethetnek. A hivatkozott weblapokr\u00f3l \u2013 ellenkez\u0151 jelz\u00e9s hi\u00e1ny\u00e1ban \u2013 felt\u00e9telezni kell, hogy nem az Imprestige ir\u00e1ny\u00edt\u00e1sa vagy befoly\u00e1sa alatt \u00e1llnak, \u00edgy az Imprestige nem felel\u0151s egyetlen hivatkozott weblap tartalm\u00e1\u00e9rt sem. Az Imprestige csak a l\u00e1togat\u00f3k k\u00e9nyelme \u00e9rdek\u00e9ben biztos\u00edtja ezeket a hivatkoz\u00e1sokat, \u00e9s egyetlen hivatkoz\u00e1s szerepeltet\u00e9se sem jelenti azt, hogy az Imprestige egyet\u00e9rt\u00e9s\u00e9t adn\u00e1 a weblap tartalm\u00e1hoz.<\/p>\n<h4>Felel\u0151ss\u00e9gkiz\u00e1r\u00e1s<\/h4>\n<p>Az Imprestige, j\u00f3llehet k\u00f6r\u00fcltekint\u0151en \u00e9s j\u00f3hiszem\u0171en j\u00e1r el a weblapokon megjelen\u0151 inform\u00e1ci\u00f3k k\u00f6zz\u00e9t\u00e9tele sor\u00e1n, semmilyen felel\u0151ss\u00e9get nem v\u00e1llal a weblapjain k\u00f6zz\u00e9tett inform\u00e1ci\u00f3k\u00e9rt, azok val\u00f3dis\u00e1g\u00e1\u00e9rt, megb\u00edzhat\u00f3s\u00e1g\u00e1\u00e9rt \u00e9s \u00e1lland\u00f3s\u00e1g\u00e1\u00e9rt. Az Imprestige-t semmilyen felel\u0151ss\u00e9g nem terheli a weblap vagy az azon k\u00f6zz\u00e9tett inform\u00e1ci\u00f3k \u00e9s eszk\u00f6z\u00f6k haszn\u00e1lat\u00e1b\u00f3l fakad\u00f3 k\u00e1rok\u00e9rt, bele\u00e9rtve \u2013 de nem kiz\u00e1r\u00f3lag ezekre korl\u00e1tozva \u2013 az \u00fczleti forgalom elmarad\u00e1s\u00e1t, az adatveszt\u00e9st, a profitveszt\u00e9st, a m\u0171k\u00f6d\u00e9si probl\u00e9m\u00e1kat, illetve a val\u00f3s vagy v\u00e9lelmezett c\u00e9lokra val\u00f3 haszn\u00e1lhatatlans\u00e1got.[\/vc_column_text][\/vc_column][vc_column width=&#8221;1\/4&#8243;][\/vc_column][\/vc_row]<\/p>\n<\/div>","protected":false},"excerpt":{"rendered":"<p>[vc_row][vc_column width=&#8221;1\/4&#8243;][\/vc_column][vc_column width=&#8221;1\/2&#8243;][vc_column_text css=&#8221;.vc_custom_1618060134681{border-top-width: 1px !important;border-right-width: 1px !important;border-bottom-width: 1px !important;border-left-width: 1px !important;padding-top: 10px !important;padding-right: 10px !important;padding-bottom: 10px !important;padding-left: 10px !important;border-left-color: #c6c6c6 !important;border-left-style: solid !important;border-right-color: #c6c6c6 !important;border-right-style: solid !important;border-top-color: #c6c6c6 !important;border-top-style:&#8230;<\/p>\n","protected":false},"author":1,"featured_media":0,"parent":0,"menu_order":0,"comment_status":"closed","ping_status":"closed","template":"","meta":{"_seopress_robots_primary_cat":"","_seopress_titles_title":"","_seopress_titles_desc":"","_seopress_robots_index":"","footnotes":""},"class_list":["post-5394","page","type-page","status-publish","hentry"],"_links":{"self":[{"href":"https:\/\/gusztav.janvari.name\/hu\/wp-json\/wp\/v2\/pages\/5394","targetHints":{"allow":["GET"]}}],"collection":[{"href":"https:\/\/gusztav.janvari.name\/hu\/wp-json\/wp\/v2\/pages"}],"about":[{"href":"https:\/\/gusztav.janvari.name\/hu\/wp-json\/wp\/v2\/types\/page"}],"author":[{"embeddable":true,"href":"https:\/\/gusztav.janvari.name\/hu\/wp-json\/wp\/v2\/users\/1"}],"replies":[{"embeddable":true,"href":"https:\/\/gusztav.janvari.name\/hu\/wp-json\/wp\/v2\/comments?post=5394"}],"version-history":[{"count":7,"href":"https:\/\/gusztav.janvari.name\/hu\/wp-json\/wp\/v2\/pages\/5394\/revisions"}],"predecessor-version":[{"id":5701,"href":"https:\/\/gusztav.janvari.name\/hu\/wp-json\/wp\/v2\/pages\/5394\/revisions\/5701"}],"wp:attachment":[{"href":"https:\/\/gusztav.janvari.name\/hu\/wp-json\/wp\/v2\/media?parent=5394"}],"curies":[{"name":"wp","href":"https:\/\/api.w.org\/{rel}","templated":true}]}}