{"id":5393,"date":"2016-07-14T21:13:52","date_gmt":"2016-07-14T21:13:52","guid":{"rendered":"http:\/\/gusztav.janvari.name\/adatvedelmi-nyilatkozat\/?lang=hu"},"modified":"2019-12-20T17:06:19","modified_gmt":"2019-12-20T17:06:19","slug":"adatvedelmi-tajekoztato","status":"publish","type":"page","link":"https:\/\/gusztav.janvari.name\/hu\/adatvedelmi-tajekoztato\/","title":{"rendered":"Adatv\u00e9delmi t\u00e1j\u00e9koztat\u00f3"},"content":{"rendered":"<div class=\"wpb-content-wrapper\"><p>[vc_row][vc_column width=&#8221;1\/4&#8243;][\/vc_column][vc_column width=&#8221;1\/2&#8243;][vc_column_text el_class=&#8221;massive-load-of-text&#8221; css=&#8221;.vc_custom_1576861576271{border-top-width: 1px !important;border-right-width: 1px !important;border-bottom-width: 1px !important;border-left-width: 1px !important;padding-top: 10px !important;padding-right: 10px !important;padding-bottom: 10px !important;padding-left: 10px !important;border-left-color: #c6c6c6 !important;border-left-style: dotted !important;border-right-color: #c6c6c6 !important;border-right-style: dotted !important;border-top-color: #c6c6c6 !important;border-top-style: dotted !important;border-bottom-color: #c6c6c6 !important;border-bottom-style: dotted !important;}&#8221;]<\/p>\r\n<p style=\"text-align: center;\"><\/p>\r\n<h1 style=\"text-align: center;\">Adatv\u00e9delmi t\u00e1j\u00e9koztat\u00f3<\/h1>\r\n<p class=\"has-text-align-center\" style=\"text-align: center;\"><em>A szem\u00e9lyes adatok kezel\u00e9s\u00e9vel \u00f6sszef\u00fcgg\u0151 tev\u00e9kenys\u00e9geinket az \u00faj Eur\u00f3pai Uni\u00f3s \u00e1ltal\u00e1nos adatv\u00e9delmi rendeletben (GDPR: General Data Protection Regulation) k\u00f6telez\u0151en el\u0151\u00edrt \u00e9s alkalmazand\u00f3 szab\u00e1lyok tekintet\u00e9ben fel\u00fclvizsg\u00e1ltuk \u00e9s elk\u00f6telezettek vagyunk azir\u00e1nt, hogy az abban, valamint a hazai hat\u00e1lyos jogszab\u00e1lyokban meghat\u00e1rozott k\u00f6vetelm\u00e9nyeknek megfelel\u0151en v\u00e9gezz\u00fck.<\/em><\/p>\r\n<p>&nbsp;<\/p>\r\n<p style=\"text-align: center;\"><\/p>\r\n\r\n<h3 class=\"wp-block-heading\">Az Adatkezel\u0151 adatai, el\u00e9rhet\u0151s\u00e9ge<\/h3>\r\n<p style=\"text-align: center;\"><\/p>\r\n<p>A weboldal \u00fczemeltet\u0151je (a tov\u00e1bbiakban: Adatkezel\u0151): J\u00e1nv\u00e1ri Guszt\u00e1v El\u00e9rhet\u0151s\u00e9gek:<\/p>\r\n<p style=\"text-align: center;\"><\/p>\r\n\r\n<ul class=\"wp-block-list\">\r\n<li>Levelez\u00e9si c\u00edm: 1118 Budapest, El\u0151patak u. 26.<\/li>\r\n<li class=\"dd-contact\">Emailc\u00edm:<\/li>\r\n<li>Telefon: +36209726295<\/li>\r\n<\/ul>\r\n<p style=\"text-align: center;\"><\/p>\r\n\r\n<h3 class=\"wp-block-heading\">Az adatkezel\u00e9s alapelvei<\/h3>\r\n<p style=\"text-align: center;\"><\/p>\r\n<p>Elk\u00f6telezettek vagyunk a weboldalt felkeres\u0151 l\u00e1togat\u00f3ink, v\u00e1s\u00e1rl\u00f3ink \u00e9s minden \u00e9rintett szem\u00e9lyes adatainak v\u00e9delm\u00e9ben egyar\u00e1nt, kiemelten fontosnak tartjuk inform\u00e1ci\u00f3s \u00f6nrendelkez\u00e9si jog\u00e1nak tiszteletben tart\u00e1s\u00e1t.<\/p>\r\n<p style=\"text-align: center;\"><\/p>\r\n<p>A szem\u00e9lyes adatokat bizalmasan kezelj\u00fck \u00e9s megtesz\u00fcnk minden olyan elv\u00e1rhat\u00f3 m\u00e9rt\u00e9k\u0171 biztons\u00e1gi, technikai \u00e9s szervez\u00e9si int\u00e9zked\u00e9st, amely a szem\u00e9lyes adatok biztons\u00e1g\u00e1t garant\u00e1lja.<\/p>\r\n<p style=\"text-align: center;\"><\/p>\r\n<p>Amennyiben olyan k\u00e9rd\u00e9se mer\u00fcl fel, amely jelen adatkezel\u00e9si t\u00e1j\u00e9koztat\u00f3nk alapj\u00e1n nem egy\u00e9rtelm\u0171, k\u00e9rj\u00fck, hogy vegye fel a kapcsolatot vel\u00fcnk fenti el\u00e9rhet\u0151s\u00e9geinken! T\u00f6reksz\u00fcnk arra, hogy min\u00e9l gyorsabban v\u00e1laszoljunk \u00d6nnek, viszont amennyiben k\u00e9rd\u00e9se megfelel\u0151 megv\u00e1laszol\u00e1sa t\u00f6bb id\u0151t vesz ig\u00e9nybe, akkor 15 napos hat\u00e1rid\u0151vel v\u00e1llaljuk annak megv\u00e1laszol\u00e1s\u00e1t.<\/p>\r\n<p style=\"text-align: center;\"><\/p>\r\n<p>B\u00e1rmikor k\u00e9rhet t\u00e1j\u00e9koztat\u00e1st szem\u00e9lyes adatai kezel\u00e9s\u00e9vel kapcsolatban \u00edr\u00e1sban (emailben, illetve postai c\u00edm\u00fcnkre megk\u00fcld\u00f6tt lev\u00e9lben) vagy sz\u00f3ban (telefonon). Felh\u00edvjuk figyelm\u00e9t, hogy telefonon t\u00f6rt\u00e9n\u0151 megkeres\u00e9s eset\u00e9n \u2013 amennyiben adatkezel\u00e9ssel kapcsolatos ig\u00e9nye indokolja (p\u00e9ld\u00e1ul adatainak t\u00f6rl\u00e9s\u00e9t k\u00e9ri) \u2013, akkor k\u00e9r\u00e9se teljes\u00edt\u00e9se el\u0151tt azonos\u00edtanunk kell abb\u00f3l a c\u00e9lb\u00f3l, hogy jogosult-e a k\u00e9r\u00e9sre. Ha az azonos\u00edt\u00e1s nem lehets\u00e9ges, akkor kiz\u00e1r\u00f3lag \u00e1ltal\u00e1nos t\u00e1j\u00e9koztat\u00e1st adhatunk az adatkezel\u00e9ssel kapcsolatban. Emiatt javasoljuk, hogy k\u00e9rd\u00e9s\u00e9t vagy ig\u00e9ny\u00e9t lehet\u0151leg \u00edr\u00e1sban jelezze.<\/p>\r\n<p style=\"text-align: center;\"><\/p>\r\n\r\n<h3 class=\"wp-block-heading\">Alkalmazott jogszab\u00e1lyok<\/h3>\r\n<p style=\"text-align: center;\"><\/p>\r\n<p>K\u00f6telezetts\u00e9get v\u00e1llalunk arra, hogy a szem\u00e9lyes adatok kezel\u00e9s\u00e9t a mindenkori hat\u00e1lyos, k\u00fcl\u00f6n\u00f6sen pedig az al\u00e1bbiakban felsorolt jogszab\u00e1lyi el\u0151\u00edr\u00e1soknak megfelel\u0151en v\u00e9gezz\u00fck:<\/p>\r\n<p style=\"text-align: center;\"><\/p>\r\n\r\n<ul class=\"wp-block-list\">\r\n<li><a href=\"https:\/\/eur-lex.europa.eu\/legal-content\/HU\/TXT\/HTML\/?uri=CELEX:32016R0679&amp;from=HU\">az Eur\u00f3pai Parlament \u00e9s a Tan\u00e1cs (EU) 2016\/679 rendelete (2016. \u00e1prilis 27.) a term\u00e9szetes szem\u00e9lyeknek a szem\u00e9lyes adatok kezel\u00e9se tekintet\u00e9ben t\u00f6rt\u00e9n\u0151 v\u00e9delm\u00e9r\u0151l \u00e9s az ilyen adatok szabad \u00e1raml\u00e1s\u00e1r\u00f3l, valamint a 95\/46\/EK rendelet hat\u00e1lyon k\u00edv\u00fcl helyez\u00e9s\u00e9r\u0151l<\/a>\u00a0(\u00e1ltal\u00e1nos adatv\u00e9delmi rendelet), vagy m\u00e1s n\u00e9ven GDPR: General Data Protection Regulation;<\/li>\r\n<li><a href=\"http:\/\/net.jogtar.hu\/jr\/gen\/hjegy_doc.cgi?docid=A1100112.TV\">2011. \u00e9vi CXII. t\u00f6rv\u00e9ny (Infotv.) az inform\u00e1ci\u00f3s \u00f6nrendelkez\u00e9si jogr\u00f3l \u00e9s inform\u00e1ci\u00f3szabads\u00e1gr\u00f3l<\/a>.<\/li>\r\n<\/ul>\r\n<p style=\"text-align: center;\"><\/p>\r\n\r\n<h3 class=\"wp-block-heading\">Panaszkezel\u00e9s \u00e9s tov\u00e1bbi jog\u00e9rv\u00e9nyes\u00edt\u00e9si lehet\u0151s\u00e9gek<\/h3>\r\n<p style=\"text-align: center;\"><\/p>\r\n<p>Mindent t\u0151l\u00fcnk telhet\u0151t megtesz\u00fcnk, hogy a szem\u00e9lyes adatok kezel\u00e9se a jogszab\u00e1lyoknak megfelel\u0151en t\u00f6rt\u00e9nj\u00e9k. Amennyiben \u00fagy \u00e9rzi, hogy nem felelt\u00fcnk meg ennek vagy b\u00e1rmilyen k\u00e9rd\u00e9se mer\u00fcl fel ezzel kapcsolatban, k\u00e9rj\u00fck jelezze nek\u00fcnk fenti el\u00e9rhet\u0151s\u00e9geinken.<\/p>\r\n<p style=\"text-align: center;\"><\/p>\r\n<p>Szem\u00e9lyes adatai v\u00e9delm\u00e9hez f\u0171z\u0151d\u0151 jogai megs\u00e9rt\u00e9se eset\u00e9n tov\u00e1bbi jogorvoslati lehet\u0151s\u00e9g\u00e9rt \u2013 amennyiben az Adatkezel\u0151 az \u00d6n jelz\u00e9se ellen\u00e9re sem sz\u00fcnteti meg jogs\u00e9rt\u0151 magatart\u00e1s\u00e1t \u2013 a <a href=\"http:\/\/naih.hu\/uegyfelszolgalat,--kapcsolat.html\">Nemzeti Adatv\u00e9delmi \u00e9s Inform\u00e1ci\u00f3szabads\u00e1g Hat\u00f3s\u00e1ghoz<\/a> fordulhat, al\u00e1bbi el\u00e9rhet\u0151s\u00e9gein:<\/p>\r\n<p style=\"text-align: center;\"><\/p>\r\n\r\n<ul class=\"wp-block-list\">\r\n<li>Hivatalos n\u00e9v: Nemzeti Adatv\u00e9delmi \u00e9s Inform\u00e1ci\u00f3szabads\u00e1g Hat\u00f3s\u00e1g (NAIH)<\/li>\r\n<li>Levelez\u00e9si c\u00edm: 1125 Budapest, Szil\u00e1gyi Erzs\u00e9bet fasor 22\/c.<\/li>\r\n<li>Telefonsz\u00e1m: +3613911400<\/li>\r\n<li>Emailc\u00edm: ugyfelszolgalat@naih.hu<\/li>\r\n<\/ul>\r\n<p style=\"text-align: center;\"><\/p>\r\n\r\n<h3 class=\"wp-block-heading\">A weboldalon kezelt adatok<\/h3>\r\n<p style=\"text-align: center;\"><\/p>\r\n<p>Weboldalunk nyilv\u00e1nos tartalm\u00e1t b\u00e1rki \u2013 szem\u00e9lyes adatai megad\u00e1sa n\u00e9lk\u00fcl \u2013 megtekintheti, mivel nem k\u00f6t\u0151dik regisztr\u00e1ci\u00f3hoz vagy bejelentkez\u00e9shez.<\/p>\r\n<p style=\"text-align: center;\"><\/p>\r\n<p>A weboldal megl\u00e1togat\u00e1s\u00e1val, haszn\u00e1lat\u00e1val \u00f6sszef\u00fcgg\u00e9sben az al\u00e1bbiakban felsorolt adatokat kezelj\u00fck a jelen t\u00e1j\u00e9koztat\u00f3ban megfogalmazott c\u00e9lb\u00f3l \u00e9s ideig, tov\u00e1bb\u00e1 az adatkezel\u00e9shez f\u0171z\u0151d\u0151 jogai \u00e9rv\u00e9nyes\u00edt\u00e9s\u00e9t a k\u00f6vetkez\u0151k szerint biztos\u00edtjuk.<\/p>\r\n<p style=\"text-align: center;\"><\/p>\r\n\r\n<h4 class=\"wp-block-heading\">Adatmorzs\u00e1k (s\u00fcti, cookie) kezel\u00e9se<\/h4>\r\n<p style=\"text-align: center;\"><\/p>\r\n<p>Az adatmorzsa a weboldalunk megnyit\u00e1sa \u00e9s haszn\u00e1lata sor\u00e1n az \u00d6n \u00e1ltal erre, az internet el\u00e9r\u00e9s\u00e9re haszn\u00e1lt k\u00e9sz\u00fcl\u00e9k\u00e9n (sz\u00e1m\u00edt\u00f3g\u00e9p, okostelefon) elhelyezett sz\u00f6veges f\u00e1jl, amely jellemz\u0151en a webszerver \u00e9s az \u00d6n k\u00e9sz\u00fcl\u00e9ke k\u00f6z\u00f6tti kapcsolatra vagy a weboldal m\u0171k\u00f6d\u00e9s\u00e9re vonatkoz\u00f3 inform\u00e1ci\u00f3kat tartalmaz (p\u00e9ld\u00e1ul \u00fagynevezett kapcsolati (session) azonos\u00edt\u00f3t, amely egy bet\u0171kb\u0151l, sz\u00e1mokb\u00f3l \u00e9s egy\u00e9b \u00edr\u00e1sjelekb\u0151l \u00e1ll\u00f3 egyedi karaktersorozat; a weboldal \u00d6n \u00e1ltal t\u00f6rt\u00e9n\u0151 megnyit\u00e1s\u00e1nak, felkeres\u00e9s\u00e9nek id\u0151pontj\u00e1t, stb.), s amelynek tartalm\u00e1t alkalmank\u00e9nt \u2013 am\u00edg \u00d6n a weboldalunkat b\u00f6ng\u00e9szi vagy amikor k\u00e9s\u0151bb \u00fajb\u00f3l megl\u00e1togatja \u2013 a webszerver visszaolvassa a k\u00e9sz\u00fcl\u00e9kr\u0151l.<\/p>\r\n<p style=\"text-align: center;\"><\/p>\r\n<p>Az adatmorzsa tartalm\u00e1nak seg\u00edts\u00e9g\u00e9vel k\u00e9pes a weboldal (szerver) a felhaszn\u00e1l\u00f3i \u00e9lm\u00e9nyt jav\u00edtani, illetve a weboldalon ny\u00fajtott szolg\u00e1ltat\u00e1sokat megval\u00f3s\u00edtani. Amikor p\u00e9ld\u00e1ul rendel\u00e9st ad le egy web\u00e1ruh\u00e1zban, akkor ilyen funkcion\u00e1lis adatmorzs\u00e1k alkalmaz\u00e1s\u00e1val k\u00e9pes a weboldal megk\u00fcl\u00f6nb\u00f6ztetni egym\u00e1st\u00f3l, \u00e9s kezelni a folyamatban l\u00e9v\u0151 v\u00e1s\u00e1rl\u00e1sokat (p\u00e9ld\u00e1ul a kos\u00e1r aktu\u00e1lis tartalm\u00e1t). Ha rendel\u00e9s k\u00f6zben esetleg ideiglenesen megszakad az internetkapcsolata, a weboldal a kor\u00e1bban a k\u00e9sz\u00fcl\u00e9k\u00e9re mentett adatmorzsa alapj\u00e1n tudja, milyen term\u00e9ket tett be a kosar\u00e1ba, melyik term\u00e9ket kereste, s amennyiben helyre\u00e1llt a kapcsolat, folytatni tudja a rendel\u00e9st ott, ahol \u00e9ppen abbahagyta.<\/p>\r\n<p style=\"text-align: center;\"><\/p>\r\n\r\n<h4 class=\"wp-block-heading\">Google Analytics szolg\u00e1ltat\u00e1s<\/h4>\r\n<p style=\"text-align: center;\"><\/p>\r\n<p>Weboldalunk l\u00e1togatotts\u00e1g\u00e1nak, forgalmi adatainak, illetve teljes\u00edtm\u00e9ny\u00e9nek elemz\u00e9se, m\u00e9r\u00e9se c\u00e9lj\u00e1b\u00f3l ig\u00e9nybe vessz\u00fck a Google Analytics szolg\u00e1ltat\u00e1st. A weboldalr\u00f3l \u00f6sszegy\u0171jt\u00f6tt inform\u00e1ci\u00f3k a Google sz\u00e1m\u00e1ra automatikusan tov\u00e1bb\u00edt\u00e1sra ker\u00fclnek, viszont ezek nem tartalmaznak (nem is tartalmazhatnak!) szem\u00e9lyes adatokat. Az \u00f6sszegy\u0171jt\u00f6tt \u00e9s tov\u00e1bb\u00edt\u00e1sra ker\u00fcl\u0151 inform\u00e1ci\u00f3k a weboldal l\u00e1togat\u00f3inak beazonos\u00edt\u00e1s\u00e1ra nem, csup\u00e1n a kapcsolatok egym\u00e1st\u00f3l t\u00f6rt\u00e9n\u0151 megk\u00fcl\u00f6nb\u00f6ztet\u00e9s\u00e9re alkalmas statisztikai adatok. A Google Analytics adatkezel\u00e9s\u00e9r\u0151l tov\u00e1bbi inform\u00e1ci\u00f3kat <a href=\"https:\/\/support.google.com\/analytics\/answer\/6004245\">ide kattintva<\/a> olvashat.<\/p>\r\n<p style=\"text-align: center;\"><\/p>\r\n<p><strong>Az adatkezel\u00e9s c\u00e9lja<\/strong><\/p>\r\n<p style=\"text-align: center;\"><\/p>\r\n<p>A weboldal teljes\u00edtm\u00e9ny\u00e9nek m\u00e9r\u00e9se, a haszn\u00e1lat\u00e1ra vonatkoz\u00f3 statisztik\u00e1k k\u00e9sz\u00edt\u00e9se \u00e9rdek\u00e9ben a weboldalt felkeres\u0151 l\u00e1togat\u00f3k, illetve kapcsolataik egym\u00e1st\u00f3l val\u00f3 megk\u00fcl\u00f6nb\u00f6ztet\u00e9se.<\/p>\r\n<p style=\"text-align: center;\"><\/p>\r\n<p><strong>A kezelt adatok k\u00f6re<\/strong><\/p>\r\n<p style=\"text-align: center;\"><\/p>\r\n<p>A Google Analytics szolg\u00e1ltat\u00e1s a weboldal teljes\u00edtm\u00e9ny\u00e9nek m\u00e9r\u00e9s\u00e9re, a haszn\u00e1lat\u00e1ra vonatkoz\u00f3 statisztik\u00e1k k\u00e9sz\u00edt\u00e9s\u00e9hez adatmorzs\u00e1kat haszn\u00e1l, amelyek a szolg\u00e1ltat\u00e1s \u00e1ltal \u00e9rtelmezhet\u0151 inform\u00e1ci\u00f3kat (bet\u0171kb\u0151l, sz\u00e1mokb\u00f3l \u00e9s egy\u00e9b \u00edr\u00e1sjelekb\u0151l \u00e1ll\u00f3 egyedi karaktersorokat) tartalmaznak.<\/p>\r\n<p style=\"text-align: center;\"><\/p>\r\n<p><strong>Az adatkezel\u00e9s id\u0151tartama<\/strong><\/p>\r\n<p style=\"text-align: center;\"><\/p>\r\n<p>A Google Analytics szolg\u00e1ltat\u00e1s \u00e1ltal alkalmazott adatmorzs\u00e1k \u00e9rv\u00e9nyess\u00e9ge t\u00f6bbf\u00e9le lehet. Vannak olyan adatmorzs\u00e1k, amelyek \u00e9rv\u00e9nyess\u00e9ge lej\u00e1r, amikor \u00d6n bez\u00e1rja az oldalt a webb\u00f6ng\u00e9sz\u0151ben, illetve van n\u00e9h\u00e1ny olyan is, amelynek az \u00e9rv\u00e9nyess\u00e9ge enn\u00e9l is r\u00f6videbb (1 perc), vagy esetleg l\u00e9nyegesen hosszabb (p\u00e9ld\u00e1ul 24 \u00f3ra vagy 2 \u00e9v). Ugyanakkor a hosszabb id\u0151re \u00e9rv\u00e9nyes adatmorzs\u00e1k tartalm\u00e1hoz weboldalunk \u2013 \u00e9s ezen kereszt\u00fcl a Google Analytics szolg\u00e1ltat\u00e1s is \u2013 kiz\u00e1r\u00f3lag akkor f\u00e9rhet hozz\u00e1, ha \u00d6n \u00fajra felkeresi weboldalunkat ugyanarr\u00f3l a k\u00e9sz\u00fcl\u00e9kr\u0151l, \u00e9s ezeket az adatmorzs\u00e1kat id\u0151k\u00f6zben nem t\u00f6r\u00f6lte le arr\u00f3l.<\/p>\r\n<p style=\"text-align: center;\"><\/p>\r\n<p><strong>Jog\u00e9rv\u00e9nyes\u00edt\u00e9s<\/strong><\/p>\r\n<p style=\"text-align: center;\"><\/p>\r\n<p>Amennyiben nem szeretn\u00e9, hogy a Google Analytics szolg\u00e1ltat\u00e1s az \u00d6n weboldal-l\u00e1togat\u00e1s\u00e1r\u00f3l adatokat gy\u0171jts\u00f6n, lehet\u0151s\u00e9ge van azt megtiltani az erre a c\u00e9lra haszn\u00e1lhat\u00f3 program telep\u00edt\u00e9s\u00e9vel \u00e9s haszn\u00e1lat\u00e1val. A Google Analytics adatgy\u0171jt\u00e9s\u00e9t letilt\u00f3 b\u00f6ng\u00e9sz\u0151b\u0151v\u00edtm\u00e9nyr\u0151l tov\u00e1bbi inform\u00e1ci\u00f3kat <a href=\"https:\/\/support.google.com\/analytics\/answer\/6245164?hl=hu\">ide kattintva<\/a> olvashat, let\u00f6lteni, illetve telep\u00edteni <a href=\"https:\/\/tools.google.com\/dlpage\/gaoptout\">innen<\/a> tudja.<\/p>\r\n<p style=\"text-align: center;\"><\/p>\r\n<p>A Google Analytics \u00e1ltal alkalmazott adatmorzs\u00e1k haszn\u00e1lat\u00e1t \u2013 minden tov\u00e1bbi adatmorzs\u00e1val egy\u00fctt \u2013 szint\u00e9n letilthatja. A k\u00e9sz\u00fcl\u00e9k\u00e9n t\u00e1rolt adatmorzs\u00e1k tartalm\u00e1hoz b\u00e1rmikor hozz\u00e1f\u00e9rhet, azt megismerheti, megn\u00e9zheti \u00e9s t\u00f6r\u00f6lheti is.<\/p>\r\n<p style=\"text-align: center;\"><\/p>\r\n\r\n<h4 class=\"wp-block-heading\">Weboldalon megjelen\u00edtett k\u00e9p- \u00e9s videofelv\u00e9telek<\/h4>\r\n<p style=\"text-align: center;\"><\/p>\r\n<p>Weboldalunkon id\u0151nk\u00e9nt besz\u00e1molhatunk k\u00fcl\u00f6nb\u00f6z\u0151 vel\u00fcnk kapcsolatos h\u00edrekr\u0151l, esem\u00e9nyekr\u0151l, amelyekben k\u00e9p-, illetve videofelv\u00e9teleket is megjelentethet\u00fcnk.<\/p>\r\n<p style=\"text-align: center;\"><\/p>\r\n<p><em>Kiemelt figyelmet ford\u00edtunk arra, hogy a weboldalunkon megjelentetett k\u00e9p- \u00e9s videofelv\u00e9telek tartalma ne s\u00e9rthesse m\u00e1sok szem\u00e9lyis\u00e9gi jogait vagy jogos \u00e9rdekeit, s azok jogszer\u0171 felhaszn\u00e1l\u00e1s\u00e1ra enged\u00e9llyel, felhatalmaz\u00e1ssal rendelkezz\u00fcnk minden esetben.<\/em><\/p>\r\n<p style=\"text-align: center;\"><\/p>\r\n<p><strong>Az adatkezel\u00e9s c\u00e9lja<\/strong><\/p>\r\n<p style=\"text-align: center;\"><\/p>\r\n<p>A weboldal l\u00e1togat\u00f3inak t\u00e1j\u00e9koztat\u00e1sa.<\/p>\r\n<p style=\"text-align: center;\"><\/p>\r\n<p><strong>Az adatkezel\u00e9s jogalapja<\/strong><\/p>\r\n<p style=\"text-align: center;\"><\/p>\r\n<p>\u00d6nk\u00e9ntes hozz\u00e1j\u00e1rul\u00e1son alapul az adatkezel\u00e9s az EU \u00e1ltal\u00e1nos adatv\u00e9delmi rendelete (GDPR) \u00e9s az inform\u00e1ci\u00f3s \u00f6nrendelkez\u00e9si jogr\u00f3l \u00e9s inform\u00e1ci\u00f3szabads\u00e1gr\u00f3l sz\u00f3l\u00f3 2011. \u00e9vi CXII. t\u00f6rv\u00e9ny (Infotv.) alapj\u00e1n.<\/p>\r\n<p style=\"text-align: center;\"><\/p>\r\n<p><strong>A kezelt adatok k\u00f6re<\/strong><\/p>\r\n<p style=\"text-align: center;\"><\/p>\r\n<p>A felv\u00e9teleken szerepl\u0151, beazonos\u00edthat\u00f3, felismerhet\u0151 term\u00e9szetes szem\u00e9lyek k\u00e9pm\u00e1sa.<\/p>\r\n<p style=\"text-align: center;\"><\/p>\r\n<p><strong>Az adatkezel\u00e9s id\u0151tartama<\/strong><\/p>\r\n<p style=\"text-align: center;\"><\/p>\r\n<p>Az \u00e9rintett hozz\u00e1j\u00e1rul\u00e1sa visszavon\u00e1s\u00e1ig, illetve az adott tartalom weboldalunkr\u00f3l t\u00f6rt\u00e9n\u0151 t\u00f6rl\u00e9s\u00e9ig.<\/p>\r\n<p style=\"text-align: center;\"><\/p>\r\n<p><strong>Jog\u00e9rv\u00e9nyes\u00edt\u00e9s<\/strong><\/p>\r\n<p style=\"text-align: center;\"><\/p>\r\n<p>Adatai kezel\u00e9s\u00e9r\u0151l b\u00e1rmikor k\u00e9rhet t\u00e1j\u00e9koztat\u00e1st fenti el\u00e9rhet\u0151s\u00e9geinken, vagy az adott rendezv\u00e9ny, program szervez\u0151j\u00e9t\u0151l.<\/p>\r\n<p style=\"text-align: center;\"><\/p>\r\n<p>Adatai t\u00f6rl\u00e9s\u00e9t is k\u00e9rheti, s k\u00e9r\u00e9s\u00e9re azokat a felv\u00e9teleket, amelyeken beazonos\u00edthat\u00f3, felismerhet\u0151, weboldalunkr\u00f3l elt\u00e1vol\u00edtjuk.<\/p>\r\n<p style=\"text-align: center;\"><\/p>\r\n<p><strong>Kik ismerhetik meg az adatokat?<\/strong><\/p>\r\n<p style=\"text-align: center;\"><\/p>\r\n<p>A weboldalunkon nyilv\u00e1noss\u00e1gra hozott inform\u00e1ci\u00f3kat b\u00e1rki megismerheti, megtekintheti, aki megl\u00e1togatja az oldalt.<\/p>\r\n<p style=\"text-align: center;\"><\/p>\r\n\r\n<h4 class=\"wp-block-heading\">\u00c9rdekl\u0151d\u00e9s, kapcsolatfelv\u00e9tel sor\u00e1n kezelt adatok<\/h4>\r\n<p style=\"text-align: center;\"><\/p>\r\n<p>Weboldalunkon megtal\u00e1lhat\u00f3 el\u00e9rhet\u0151s\u00e9geink b\u00e1rmelyik\u00e9n kereszt\u00fcl felveheti vel\u00fcnk a kapcsolatot.<\/p>\r\n<p style=\"text-align: center;\"><\/p>\r\n<p><strong>Az adatkezel\u00e9s c\u00e9lja<\/strong><\/p>\r\n<p style=\"text-align: center;\"><\/p>\r\n<p>Az \u00e9rdekl\u0151d\u0151k t\u00e1j\u00e9koztat\u00e1sa.<\/p>\r\n<p style=\"text-align: center;\"><\/p>\r\n<p><strong>Az adatkezel\u00e9s jogalapja<\/strong><\/p>\r\n<p style=\"text-align: center;\"><\/p>\r\n<p>\u00c9rdekl\u0151d\u00e9s, t\u00e1j\u00e9koztat\u00e1s k\u00e9r\u00e9se eset\u00e9n \u00f6nk\u00e9ntes hozz\u00e1j\u00e1rul\u00e1son alapul az adatkezel\u00e9s az EU \u00e1ltal\u00e1nos adatv\u00e9delmi rendelete (GDPR) \u00e9s az inform\u00e1ci\u00f3s \u00f6nrendelkez\u00e9si jogr\u00f3l \u00e9s inform\u00e1ci\u00f3szabads\u00e1gr\u00f3l sz\u00f3l\u00f3 2011. \u00e9vi CXII. t\u00f6rv\u00e9ny (Infotv.) alapj\u00e1n.<\/p>\r\n<p style=\"text-align: center;\"><\/p>\r\n<p><strong>A kezelt adatok k\u00f6re<\/strong><\/p>\r\n<p style=\"text-align: center;\"><\/p>\r\n<p>A kapcsolattart\u00e1sra az al\u00e1bbi adatok k\u00f6z\u00fcl az \u00d6n \u00e1ltal \u00f6nk\u00e9ntesen megadottakat kezelj\u00fck:<\/p>\r\n<p style=\"text-align: center;\"><\/p>\r\n\r\n<ul class=\"wp-block-list\">\r\n<li>n\u00e9v,<\/li>\r\n<li>email c\u00edm,<\/li>\r\n<li>telefonsz\u00e1m,<\/li>\r\n<li>c\u00edm (postac\u00edm).<\/li>\r\n<\/ul>\r\n<p style=\"text-align: center;\"><\/p>\r\n<p><strong>Az adatkezel\u00e9s id\u0151tartama<\/strong><\/p>\r\n<p style=\"text-align: center;\"><\/p>\r\n<p>Szem\u00e9lyes adatait a kapcsolatfelv\u00e9tel jelleg\u00e9t\u0151l f\u00fcgg\u0151en k\u00fcl\u00f6nb\u00f6z\u0151 ideig kezelj\u00fck.<\/p>\r\n<p style=\"text-align: center;\"><\/p>\r\n<p>A sz\u00fcks\u00e9ges t\u00e1j\u00e9koztat\u00e1s megad\u00e1s\u00e1t k\u00f6vet\u0151en nem \u0151rizz\u00fck tov\u00e1bb, kiv\u00e9ve, ha az eseti jelleg\u0171 kapcsolatfelv\u00e9tel t\u00e1rgy\u00e1ban jogszer\u0171en ig\u00e9ny \u00e9rv\u00e9nyes\u00edthet\u0151, abban az esetben annak igazolhat\u00f3s\u00e1ga c\u00e9lj\u00e1b\u00f3l legfeljebb 5 \u00e9vig meg\u0151rizhetj\u00fck.<\/p>\r\n<p style=\"text-align: center;\"><\/p>\r\n<p><strong>Jog\u00e9rv\u00e9nyes\u00edt\u00e9s<\/strong><\/p>\r\n<p style=\"text-align: center;\"><\/p>\r\n<p>Adatai kezel\u00e9s\u00e9r\u0151l b\u00e1rmikor k\u00e9rhet t\u00e1j\u00e9koztat\u00e1st fenti el\u00e9rhet\u0151s\u00e9geinken.<\/p>\r\n<p style=\"text-align: center;\"><\/p>\r\n<p>Szint\u00e9n b\u00e1rmikor k\u00e9rheti adatai helyesb\u00edt\u00e9s\u00e9t, amennyiben azt tapasztalja, hogy p\u00e9ld\u00e1ul hib\u00e1san adta meg, vagy t\u00e9vesen, illetve hi\u00e1nyosan r\u00f6gz\u00edtett\u00fck azokat.<\/p>\r\n<p style=\"text-align: center;\"><\/p>\r\n<p>Adatai t\u00f6rl\u00e9s\u00e9t is k\u00e9rheti, \u00e9s ha annak nincs jogszab\u00e1lyi akad\u00e1lya, akkor k\u00e9r\u00e9s\u00e9nek halad\u00e9ktalanul eleget tesz\u00fcnk (ellenkez\u0151 esetben pedig t\u00e1j\u00e9koztatjuk a t\u00f6rl\u00e9s megtagad\u00e1s\u00e1nak indok\u00e1r\u00f3l).<\/p>\r\n<p style=\"text-align: center;\"><\/p>\r\n<p><strong>Kik ismerhetik meg az adatokat?<\/strong><\/p>\r\n<p style=\"text-align: center;\"><\/p>\r\n<p>Az \u00d6n \u00e1ltal megadott adatok megismer\u00e9s\u00e9re kiz\u00e1r\u00f3lag munkat\u00e1rsaink jogosultak.<\/p>\r\n<h3>Az adatkezel\u00e9s biztons\u00e1ga<\/h3>\r\n<p style=\"text-align: center;\"><\/p>\r\n<p>Az \u00e1ltalunk kezelt szem\u00e9lyes adatok biztons\u00e1ga \u00e9rdek\u00e9ben megtesz\u00fcnk minden olyan elv\u00e1rhat\u00f3 m\u00e9rt\u00e9k\u0171 technikai \u00e9s szervez\u00e9si int\u00e9zked\u00e9st, amely sz\u00fcks\u00e9ges ahhoz, hogy az adatok v\u00e9dettek legyenek a v\u00e9letlen t\u00f6rl\u00e9s (megsemmis\u00fcl\u00e9s), a jogosulatlan felhaszn\u00e1l\u00e1s vagy m\u00f3dos\u00edt\u00e1s ellen. Az informatikai rendszereinkben kezelt adatokhoz a hozz\u00e1f\u00e9r\u00e9st jogosults\u00e1gi rendszer alkalmaz\u00e1s\u00e1val, kiz\u00e1r\u00f3lag munkat\u00e1rsaink sz\u00e1m\u00e1ra enged\u00e9lyezz\u00fck.<\/p>\r\n<p style=\"text-align: center;\"><\/p>\r\n<p>Fentiekkel gondoskodunk arr\u00f3l, hogy a kezelt adatokhoz illet\u00e9ktelen szem\u00e9ly ne f\u00e9rhessen hozz\u00e1, ne hozhassa nyilv\u00e1noss\u00e1gra, ne tov\u00e1bb\u00edthassa, valamint ne m\u00f3dos\u00edthassa vagy t\u00f6r\u00f6lhesse azokat.<\/p>\r\n<p style=\"text-align: center;\"><\/p>\r\n\r\n<h3 class=\"wp-block-heading\">Az adatok tov\u00e1bb\u00edt\u00e1sa<\/h3>\r\n<p style=\"text-align: center;\"><\/p>\r\n<p>Szem\u00e9lyes adatait azok megismer\u00e9s\u00e9re jogosults\u00e1ggal nem rendelkez\u0151k sz\u00e1m\u00e1ra nem adjuk \u00e1t, harmadik f\u00e9lnek kiz\u00e1r\u00f3lag abban az esetben tov\u00e1bb\u00edtjuk, ha \u00d6n ehhez el\u0151zetesen hozz\u00e1j\u00e1rul\u00e1s\u00e1t adta. Kiv\u00e9telt k\u00e9pezhet ez al\u00f3l, ha az adatok tov\u00e1bb\u00edt\u00e1s\u00e1t jogszab\u00e1ly el\u0151\u00edrja k\u00f6telez\u0151en sz\u00e1munkra (ilyenek p\u00e9ld\u00e1ul a sz\u00e1ml\u00e1k adatai), vagy ha p\u00e9ld\u00e1ul egy esetleges hat\u00f3s\u00e1gi vizsg\u00e1lat eset\u00e9n az elj\u00e1r\u00f3 hat\u00f3s\u00e1g hivatalos megkeres\u00e9s\u00e9re a megkeres\u00e9s c\u00e9lj\u00e1b\u00f3l sz\u00fcks\u00e9ges adatokat k\u00f6telesek vagyunk \u00e1tadni. Ehhez az \u00d6n k\u00fcl\u00f6n hozz\u00e1j\u00e1rul\u00e1sa nem sz\u00fcks\u00e9ges, mivel ez t\u00f6rv\u00e9nyben meghat\u00e1rozott feladatunk.<\/p>\r\n<p style=\"text-align: center;\"><\/p>\r\n\r\n<h3 class=\"wp-block-heading\">Az Adatkezel\u00e9si t\u00e1j\u00e9koztat\u00f3 fel\u00fclvizsg\u00e1lata \u00e9s el\u00e9rhet\u0151s\u00e9ge<\/h3>\r\n<p style=\"text-align: center;\"><\/p>\r\n<p>Fenntartjuk a jogot jelen t\u00e1j\u00e9koztat\u00f3 fel\u00fclvizsg\u00e1lat\u00e1ra \u00e9s sz\u00fcks\u00e9g szerinti m\u00f3dos\u00edt\u00e1s\u00e1ra, amely indokolt lehet a vonatkoz\u00f3 jogszab\u00e1lyok vagy adatkezel\u00e9si tev\u00e9kenys\u00e9g\u00fcnk, az arra alkalmazott technol\u00f3gia megv\u00e1ltoz\u00e1sa eset\u00e9n egyar\u00e1nt. Amennyiben a m\u00f3dos\u00edt\u00e1s az \u00f6nk\u00e9ntes hozz\u00e1j\u00e1rul\u00e1sa alapj\u00e1n kezelt szem\u00e9lyes adatait is \u00e9rinti, akkor err\u0151l halad\u00e9ktalanul t\u00e1j\u00e9koztatjuk, s szem\u00e9lyes adatai tov\u00e1bbi kezel\u00e9s\u00e9t felf\u00fcggesztj\u00fck mindaddig, am\u00edg ahhoz nem j\u00e1rul hozz\u00e1 \u00fajra.<\/p>\r\n<p style=\"text-align: center;\"><\/p>\r\n<p>A mindenkori hat\u00e1lyos Adatkezel\u00e9si t\u00e1j\u00e9koztat\u00f3 el\u00e9rhet\u0151 ezen a weboldalon, nyilv\u00e1nosan k\u00f6zz\u00e9t\u00e9ve.<\/p>\r\n<p style=\"text-align: center;\"><\/p>\r\n<p><em><strong>Utols\u00f3 m\u00f3dos\u00edt\u00e1s:<\/strong> 2019. december 18.<\/em><\/p>\r\n\r\n<p>&nbsp;<\/p>\r\n<p>[\/vc_column_text][\/vc_column][vc_column width=&#8221;1\/4&#8243;][\/vc_column][\/vc_row]<\/p><\/div>","protected":false},"excerpt":{"rendered":"<p>[vc_row][vc_column width=&#8221;1\/4&#8243;][\/vc_column][vc_column width=&#8221;1\/2&#8243;][vc_column_text el_class=&#8221;massive-load-of-text&#8221; css=&#8221;.vc_custom_1576861576271{border-top-width: 1px !important;border-right-width: 1px !important;border-bottom-width: 1px !important;border-left-width: 1px !important;padding-top: 10px !important;padding-right: 10px !important;padding-bottom: 10px !important;padding-left: 10px !important;border-left-color: #c6c6c6 !important;border-left-style: dotted !important;border-right-color: #c6c6c6 !important;border-right-style: dotted !important;border-top-color: #c6c6c6&#8230;<\/p>\n","protected":false},"author":1,"featured_media":0,"parent":0,"menu_order":0,"comment_status":"closed","ping_status":"closed","template":"","meta":{"_seopress_robots_primary_cat":"","_seopress_titles_title":"","_seopress_titles_desc":"","_seopress_robots_index":"","footnotes":""},"class_list":["post-5393","page","type-page","status-publish","hentry"],"_links":{"self":[{"href":"https:\/\/gusztav.janvari.name\/hu\/wp-json\/wp\/v2\/pages\/5393","targetHints":{"allow":["GET"]}}],"collection":[{"href":"https:\/\/gusztav.janvari.name\/hu\/wp-json\/wp\/v2\/pages"}],"about":[{"href":"https:\/\/gusztav.janvari.name\/hu\/wp-json\/wp\/v2\/types\/page"}],"author":[{"embeddable":true,"href":"https:\/\/gusztav.janvari.name\/hu\/wp-json\/wp\/v2\/users\/1"}],"replies":[{"embeddable":true,"href":"https:\/\/gusztav.janvari.name\/hu\/wp-json\/wp\/v2\/comments?post=5393"}],"version-history":[{"count":8,"href":"https:\/\/gusztav.janvari.name\/hu\/wp-json\/wp\/v2\/pages\/5393\/revisions"}],"predecessor-version":[{"id":5582,"href":"https:\/\/gusztav.janvari.name\/hu\/wp-json\/wp\/v2\/pages\/5393\/revisions\/5582"}],"wp:attachment":[{"href":"https:\/\/gusztav.janvari.name\/hu\/wp-json\/wp\/v2\/media?parent=5393"}],"curies":[{"name":"wp","href":"https:\/\/api.w.org\/{rel}","templated":true}]}}