{"id":5373,"date":"2016-04-18T19:25:33","date_gmt":"2016-04-18T19:25:33","guid":{"rendered":"http:\/\/gusztav.janvari.name\/hamarosan\/?lang=hu"},"modified":"2016-04-18T19:25:33","modified_gmt":"2016-04-18T19:25:33","slug":"hamarosan","status":"publish","type":"page","link":"https:\/\/gusztav.janvari.name\/hu\/hamarosan\/","title":{"rendered":"Hamarosan"},"content":{"rendered":"<div class=\"wpb-content-wrapper\"><p>[vc_row][vc_column]<div class=\"zozo-parallax-header wpb_animate_when_almost_visible wpb_top-to-bottom\"><div class=\"parallax-header\"><h2 class=\"parallax-title text-center\">Hamarosan j\u00f6v\u00f6k!<\/h2><\/div><\/div>[vc_single_image image=&#8221;5012&#8243; img_size=&#8221;full&#8221; alignment=&#8221;center&#8221; css_animation=&#8221;appear&#8221;][vc_row_inner][vc_column_inner width=&#8221;1\/3&#8243;][\/vc_column_inner][vc_column_inner width=&#8221;1\/3&#8243;][vc_message message_box_style=&#8221;solid-icon&#8221; css_animation=&#8221;appear&#8221;]M\u00e1r ne menj messzire! Hamarosan egy vadonat\u00faj oldallal jelentkezem. Addig is \u00f6r\u00f6mmel v\u00e1rlak a <a href=\"https:\/\/www.linkedin.com\/in\/gusztavjanvari\" target=\"_blank\">LinkedInen<\/a>, illetve c\u00e9gem, az <a href=\"https:\/\/imprestige.biz\" target=\"_blank\">Imprestige<\/a> oldal\u00e1n.[\/vc_message][\/vc_column_inner][vc_column_inner width=&#8221;1\/3&#8243;][\/vc_column_inner][\/vc_row_inner][\/vc_column][\/vc_row]<\/p>\n<\/div>","protected":false},"excerpt":{"rendered":"<p>[vc_row][vc_column][vc_single_image image=&#8221;5012&#8243; img_size=&#8221;full&#8221; alignment=&#8221;center&#8221; css_animation=&#8221;appear&#8221;][vc_row_inner][vc_column_inner width=&#8221;1\/3&#8243;][\/vc_column_inner][vc_column_inner width=&#8221;1\/3&#8243;][vc_message message_box_style=&#8221;solid-icon&#8221; css_animation=&#8221;appear&#8221;]M\u00e1r ne menj messzire! Hamarosan egy vadonat\u00faj oldallal jelentkezem. Addig is \u00f6r\u00f6mmel v\u00e1rlak a LinkedInen, illetve c\u00e9gem, az Imprestige oldal\u00e1n.[\/vc_message][\/vc_column_inner][vc_column_inner width=&#8221;1\/3&#8243;][\/vc_column_inner][\/vc_row_inner][\/vc_column][\/vc_row]<\/p>\n","protected":false},"author":1,"featured_media":0,"parent":0,"menu_order":0,"comment_status":"closed","ping_status":"closed","template":"template-maintenance.php","meta":{"_seopress_robots_primary_cat":"","_seopress_titles_title":"","_seopress_titles_desc":"","_seopress_robots_index":"","footnotes":""},"class_list":["post-5373","page","type-page","status-publish","hentry"],"_links":{"self":[{"href":"https:\/\/gusztav.janvari.name\/hu\/wp-json\/wp\/v2\/pages\/5373","targetHints":{"allow":["GET"]}}],"collection":[{"href":"https:\/\/gusztav.janvari.name\/hu\/wp-json\/wp\/v2\/pages"}],"about":[{"href":"https:\/\/gusztav.janvari.name\/hu\/wp-json\/wp\/v2\/types\/page"}],"author":[{"embeddable":true,"href":"https:\/\/gusztav.janvari.name\/hu\/wp-json\/wp\/v2\/users\/1"}],"replies":[{"embeddable":true,"href":"https:\/\/gusztav.janvari.name\/hu\/wp-json\/wp\/v2\/comments?post=5373"}],"version-history":[{"count":0,"href":"https:\/\/gusztav.janvari.name\/hu\/wp-json\/wp\/v2\/pages\/5373\/revisions"}],"wp:attachment":[{"href":"https:\/\/gusztav.janvari.name\/hu\/wp-json\/wp\/v2\/media?parent=5373"}],"curies":[{"name":"wp","href":"https:\/\/api.w.org\/{rel}","templated":true}]}}